{"id":175,"date":"2017-02-10T12:58:14","date_gmt":"2017-02-10T11:58:14","guid":{"rendered":"http:\/\/www.rd-bistrica.si\/it\/?page_id=175"},"modified":"2017-07-11T08:45:18","modified_gmt":"2017-07-11T07:45:18","slug":"casa-della-pesca","status":"publish","type":"page","link":"http:\/\/www.rd-bistrica.si\/it\/chi-siamo\/casa-della-pesca\/","title":{"rendered":"Casa della pesca"},"content":{"rendered":"<div class=\"col-md-8\"><a href=\"\/wp-content\/uploads\/2016\/03\/ribiski_dom.jpg\" data-rel=\"lightbox-image-0\" data-rl_title=\"\" data-rl_caption=\"\" title=\"\"><img loading=\"lazy\" decoding=\"async\" class=\"alignleft wp-image-517 size-medium\" src=\"\/wp-content\/uploads\/2016\/03\/ribiski_dom-300x199.jpg\" alt=\"ribiski_dom\" width=\"300\" height=\"199\" \/><\/a><\/p>\n<p><span class=\"glyphicon glyphicon-arrow-right\"><\/span> Il rifugio del pescatore si trova sulla sponda del lago Mola nei pressi del vilaggio Soze, e serve come punto di ritrovo per i membri e come ufficio di contatto. Qui troviamo una grande sala dedicata ad eventi sociali, una cucina estiva, tre camere con otto posti letto con bagno comune con doccia e WC. Accanto al rifugio c&#8217;\u00e8 anche un campo di bocce e un gazebo con camino dove passare del tempo in compagnia. La vicinanza del lago Mola, poi, rende il rifugio del pescatore un luogo incantevole.<\/p>\n<p><span class=\"glyphicon glyphicon-info-sign\"><\/span> Il rifugio \u00e8 aperto ogni giorno, tranne il luned\u00ec dalle 16.00 in poi. Durante il fine settimana \u00e8 aperto tutto il giorno. Per i clienti sono a disposizione distributori per il caff\u00e9 e bibite fresche.<\/p>\n<p><span class=\"glyphicon glyphicon-info-sign\"><\/span> Troverete tutte le informazioni sugli orari di apertura del rifugio del pescatore, la  vendit\u00e0 di permessi di pesca, possibilit\u00e0 di affitto, noleggio di barche, ecc., chiamando il numero CEL: +386 (0) 41 595 879 o TEL: +386 (0) 5 71 45 041 (rifugio).<\/p>\n<p><span class=\"glyphicon glyphicon-info-sign\"><\/span> Non trovi le informazioni che cerchi? <a href=\"http:\/\/www.rd-bistrica.si\/it\/chi-siamo\/contatto\/\">Contattaci<\/a>!\n<\/div>\n<div class=\"col-md-4\">\n<iframe loading=\"lazy\" src=\"https:\/\/www.google.com\/maps\/embed?pb=!1m18!1m12!1m3!1d2794.6749439373034!2d14.197786316021801!3d45.53674643661995!2m3!1f0!2f0!3f0!3m2!1i1024!2i768!4f13.1!3m3!1m2!1s0x477b4cb14a185eaf%3A0x3d1f421ffdacb8e5!2sSoze+15%2C+6250+Ilirska+Bistrica!5e0!3m2!1ssl!2ssi!4v1457823955831\" width=\"100%\" height=\"400\" frameborder=\"0\" style=\"border:0;margin-top:10px\" allowfullscreen><\/iframe>\n<\/div>\n<p><br class=\"clearfix\" \/><\/p>\n<div class=\"col-md-8\">\n\t\t\t\t\t\t<div class=\"gallery_box_single\">\n\t\t\t\t\t\t\t\t\t\t\t\t\t\t\t<div class=\"gallery gllr_grid\" data-gllr-columns=\"6\" data-gllr-border-width=\"5\">\n\t\t\t\t\t\t\t\t\t\t\t\t\t\t\t\t\t\t\t\t<div class=\"gllr_image_row\">\n\t\t\t\t\t\t\t\t\t\t\t\t\t\t\t\t\t\t\t\t\t<div class=\"gllr_image_block\">\n\t\t\t\t\t\t\t\t\t\t\t\t<p style=\"\n\t\t\t\t\t\t\t\t\t\t\t\twidth:160px;height:160px;\t\t\t\t\t\t\t\t\t\t\t\t\">\n\t\t\t\t\t\t\t\t\t\t\t\t\t\t\t\t\t\t\t\t\t\t\t\t\t\t\t\t<a data-fancybox=\"gallery_fancybox_179\" href=\"\/wp-content\/uploads\/sites\/3\/2017\/02\/ribiski_dom-1024x680.jpg\" title=\"\"  data-rel=\"lightbox-image-1\" data-rl_title=\"\" data-rl_caption=\"\">\n\t\t\t\t\t\t\t\t\t\t\t\t\t\t\t\t<img decoding=\"async\" width=&quot;150&quot; height=&quot;150&quot; style=\"width:150px; height:150px; border-width: 5px; border-color:#79bedb;border: 5px solid #79bedb\" alt=\"\" title=\"\" src=\"\/wp-content\/uploads\/sites\/3\/2017\/02\/ribiski_dom-150x150.jpg\" rel=\"\/wp-content\/uploads\/sites\/3\/2017\/02\/ribiski_dom.jpg\" \/>\t\t\t\t\t\t\t\t\t\t\t\t\t\t\t<\/a>\n\t\t\t\t\t\t\t\t\t\t\t\t\t\t\t\t\t\t\t\t\t\t\t\t\t\t<\/p>\n\t\t\t\t\t\t\t\t\t\t\t\t\t\t\t\t\t\t\t\t\t\t\t<\/div><!-- .gllr_image_block -->\n\t\t\t\t\t\t\t\t\t\t\t\t\t\t\t\t\t\t\t\t\t<div class=\"clear\"><\/div>\n\t\t\t\t\t\t\t\t\t\t<\/div><!-- .gllr_image_row -->\n\t\t\t\t\t\t\t\t\t\t\t\t\t\t\t\t\t<\/div><!-- .gallery.clearfix -->\n\t\t\t\t\t\t\t\t\t\t\t\t\t\t<\/div><!-- .gallery_box_single -->\n\t\t\t\t\t\t<div class=\"gllr_clear\"><\/div>\n\t\t\t\t\t\t\n<\/div>\n","protected":false},"excerpt":{"rendered":"<p>Il rifugio del pescatore si trova sulla sponda del lago Mola nei pressi del vilaggio Soze, e serve come punto di ritrovo per i membri e come ufficio di contatto. Qui troviamo una grande sala dedicata ad eventi sociali, una cucina estiva, tre camere con otto posti letto con bagno comune con doccia e WC. [&hellip;]<\/p>\n","protected":false},"author":2,"featured_media":0,"parent":19,"menu_order":0,"comment_status":"closed","ping_status":"closed","template":"","meta":{"footnotes":""},"class_list":["post-175","page","type-page","status-publish","hentry"],"_links":{"self":[{"href":"http:\/\/www.rd-bistrica.si\/it\/wp-json\/wp\/v2\/pages\/175","targetHints":{"allow":["GET"]}}],"collection":[{"href":"http:\/\/www.rd-bistrica.si\/it\/wp-json\/wp\/v2\/pages"}],"about":[{"href":"http:\/\/www.rd-bistrica.si\/it\/wp-json\/wp\/v2\/types\/page"}],"author":[{"embeddable":true,"href":"http:\/\/www.rd-bistrica.si\/it\/wp-json\/wp\/v2\/users\/2"}],"replies":[{"embeddable":true,"href":"http:\/\/www.rd-bistrica.si\/it\/wp-json\/wp\/v2\/comments?post=175"}],"version-history":[{"count":5,"href":"http:\/\/www.rd-bistrica.si\/it\/wp-json\/wp\/v2\/pages\/175\/revisions"}],"predecessor-version":[{"id":305,"href":"http:\/\/www.rd-bistrica.si\/it\/wp-json\/wp\/v2\/pages\/175\/revisions\/305"}],"up":[{"embeddable":true,"href":"http:\/\/www.rd-bistrica.si\/it\/wp-json\/wp\/v2\/pages\/19"}],"wp:attachment":[{"href":"http:\/\/www.rd-bistrica.si\/it\/wp-json\/wp\/v2\/media?parent=175"}],"curies":[{"name":"wp","href":"https:\/\/api.w.org\/{rel}","templated":true}]}}